{"id":22,"date":"2020-12-15T12:40:10","date_gmt":"2020-12-15T12:40:10","guid":{"rendered":"http:\/\/193.198.219.155\/vijesti\/?page_id=22"},"modified":"2021-02-15T11:17:24","modified_gmt":"2021-02-15T11:17:24","slug":"vijesti","status":"publish","type":"page","link":"https:\/\/e-kvalifikacije.asoo.hr\/vijesti\/","title":{"rendered":"Vijesti"},"content":{"rendered":"\t\t<div data-elementor-type=\"wp-page\" data-elementor-id=\"22\" class=\"elementor elementor-22\" data-elementor-settings=\"[]\">\n\t\t\t\t\t\t<div class=\"elementor-inner\">\n\t\t\t\t\t\t\t<div class=\"elementor-section-wrap\">\n\t\t\t\t\t\t\t<section class=\"elementor-section elementor-top-section elementor-element elementor-element-8b29931 elementor-section-boxed elementor-section-height-default elementor-section-height-default\" data-id=\"8b29931\" data-element_type=\"section\">\n\t\t\t\t\t\t<div class=\"elementor-container elementor-column-gap-default\">\n\t\t\t\t\t\t\t<div class=\"elementor-row\">\n\t\t\t\t\t<div class=\"elementor-column elementor-col-50 elementor-top-column elementor-element elementor-element-994ec82\" data-id=\"994ec82\" data-element_type=\"column\">\n\t\t\t<div class=\"elementor-column-wrap elementor-element-populated\">\n\t\t\t\t\t\t\t<div class=\"elementor-widget-wrap\">\n\t\t\t\t\t\t<div class=\"elementor-element elementor-element-70d314a elementor-widget elementor-widget-heading\" data-id=\"70d314a\" data-element_type=\"widget\" data-widget_type=\"heading.default\">\n\t\t\t\t<div class=\"elementor-widget-container\">\n\t\t\t<h2 class=\"elementor-heading-title elementor-size-default\">Vijesti<\/h2>\t\t<\/div>\n\t\t\t\t<\/div>\n\t\t\t\t\t\t<\/div>\n\t\t\t\t\t<\/div>\n\t\t<\/div>\n\t\t\t\t<div class=\"elementor-column elementor-col-50 elementor-top-column elementor-element elementor-element-5a1c241\" data-id=\"5a1c241\" data-element_type=\"column\">\n\t\t\t<div class=\"elementor-column-wrap elementor-element-populated\">\n\t\t\t\t\t\t\t<div class=\"elementor-widget-wrap\">\n\t\t\t\t\t\t<div class=\"elementor-element elementor-element-6b6a48a elementor-align-right elementor-widget elementor-widget-button\" data-id=\"6b6a48a\" data-element_type=\"widget\" data-widget_type=\"button.default\">\n\t\t\t\t<div class=\"elementor-widget-container\">\n\t\t\t\t\t<div class=\"elementor-button-wrapper\">\n\t\t\t<a href=\"http:\/\/ekvalifikacije.hdit.hr\/\" class=\"elementor-button-link elementor-button elementor-size-sm elementor-animation-grow\" role=\"button\">\n\t\t\t\t\t\t<span class=\"elementor-button-content-wrapper\">\n\t\t\t\t\t\t<span class=\"elementor-button-icon elementor-align-icon-right\">\n\t\t\t\t<i aria-hidden=\"true\" class=\"far fa-arrow-alt-circle-right\"><\/i>\t\t\t<\/span>\n\t\t\t\t\t\t<span class=\"elementor-button-text\">mre\u017ene stranice za dodatne informacije<\/span>\n\t\t<\/span>\n\t\t\t\t\t<\/a>\n\t\t<\/div>\n\t\t\t\t<\/div>\n\t\t\t\t<\/div>\n\t\t\t\t\t\t<\/div>\n\t\t\t\t\t<\/div>\n\t\t<\/div>\n\t\t\t\t\t\t\t\t<\/div>\n\t\t\t\t\t<\/div>\n\t\t<\/section>\n\t\t\t\t<section class=\"elementor-section elementor-top-section elementor-element elementor-element-e14fc5f elementor-section-boxed elementor-section-height-default elementor-section-height-default\" data-id=\"e14fc5f\" data-element_type=\"section\" data-settings=\"{&quot;background_background&quot;:&quot;classic&quot;}\">\n\t\t\t\t\t\t\t<div class=\"elementor-background-overlay\"><\/div>\n\t\t\t\t\t\t\t<div class=\"elementor-container elementor-column-gap-default\">\n\t\t\t\t\t\t\t<div class=\"elementor-row\">\n\t\t\t\t\t<div class=\"elementor-column elementor-col-100 elementor-top-column elementor-element elementor-element-bc5f59b\" data-id=\"bc5f59b\" data-element_type=\"column\">\n\t\t\t<div class=\"elementor-column-wrap elementor-element-populated\">\n\t\t\t\t\t\t\t<div class=\"elementor-widget-wrap\">\n\t\t\t\t\t\t<div class=\"elementor-element elementor-element-dc184f0 elementor-grid-3 elementor-grid-tablet-2 elementor-grid-mobile-1 elementor-posts--thumbnail-top elementor-card-shadow-yes elementor-posts__hover-gradient elementor-widget elementor-widget-posts\" data-id=\"dc184f0\" data-element_type=\"widget\" data-settings=\"{&quot;cards_row_gap&quot;:{&quot;unit&quot;:&quot;px&quot;,&quot;size&quot;:30,&quot;sizes&quot;:[]},&quot;cards_columns&quot;:&quot;3&quot;,&quot;cards_columns_tablet&quot;:&quot;2&quot;,&quot;cards_columns_mobile&quot;:&quot;1&quot;}\" data-widget_type=\"posts.cards\">\n\t\t\t\t<div class=\"elementor-widget-container\">\n\t\t\t\t\t<div class=\"elementor-posts-container elementor-posts elementor-posts--skin-cards elementor-grid\">\n\t\t\t\t<article class=\"elementor-post elementor-grid-item post-10 post type-post status-publish format-standard has-post-thumbnail hentry category-vijesti\">\n\t\t\t<div class=\"elementor-post__card\">\n\t\t\t\t<a class=\"elementor-post__thumbnail__link\" href=\"https:\/\/e-kvalifikacije.asoo.hr\/vijesti\/proces-upisa-standarda-zanimanja-u-registar-hrvatskog-kvalifikacijskog-okvira\/\" target=\"_blank\">\n\t\t\t<div class=\"elementor-post__thumbnail\"><img width=\"768\" height=\"413\" src=\"https:\/\/e-kvalifikacije.asoo.hr\/vijesti\/wp-content\/uploads\/2020\/12\/Featured-Image2-768x413.jpg\" class=\"attachment-medium_large size-medium_large\" alt=\"\" loading=\"lazy\" srcset=\"https:\/\/e-kvalifikacije.asoo.hr\/vijesti\/wp-content\/uploads\/2020\/12\/Featured-Image2-768x413.jpg 768w, https:\/\/e-kvalifikacije.asoo.hr\/vijesti\/wp-content\/uploads\/2020\/12\/Featured-Image2-300x162.jpg 300w, https:\/\/e-kvalifikacije.asoo.hr\/vijesti\/wp-content\/uploads\/2020\/12\/Featured-Image2.jpg 795w\" sizes=\"(max-width: 768px) 100vw, 768px\" \/><\/div>\n\t\t<\/a>\n\t\t\t\t<div class=\"elementor-post__text\">\n\t\t\t\t<h3 class=\"elementor-post__title\">\n\t\t\t<a href=\"https:\/\/e-kvalifikacije.asoo.hr\/vijesti\/proces-upisa-standarda-zanimanja-u-registar-hrvatskog-kvalifikacijskog-okvira\/\" target=\"_blank\">\n\t\t\t\tProces upisa standarda zanimanja u Registar Hrvatskog kvalifikacijskog okvira\t\t\t<\/a>\n\t\t<\/h3>\n\t\t\t\t<div class=\"elementor-post__excerpt\">\n\t\t\t<p>108 standarda zanimanja razvijenih u okviru ESF projekta &#8220;Modernizacija sustava strukovnog obrazovanja i osposobljavanja&#8221; u postupku vrednovanja Nakon \u0161to su radne skupine dovr\u0161ile 108 standarda<\/p>\n\t\t<\/div>\n\t\t\t\t\t<a class=\"elementor-post__read-more\" href=\"https:\/\/e-kvalifikacije.asoo.hr\/vijesti\/proces-upisa-standarda-zanimanja-u-registar-hrvatskog-kvalifikacijskog-okvira\/\" target=\"_blank\">\n\t\t\t\tPro\u010ditaj   \u00bb\t\t\t<\/a>\n\t\t\t\t<\/div>\n\t\t\t\t<div class=\"elementor-post__meta-data\">\n\t\t\t\t\t<span class=\"elementor-post-date\">\n\t\t\t15 prosinca, 2020\t\t<\/span>\n\t\t\t\t<\/div>\n\t\t\t\t\t<\/div>\n\t\t<\/article>\n\t\t\t\t<article class=\"elementor-post elementor-grid-item post-12 post type-post status-publish format-standard has-post-thumbnail hentry category-vijesti\">\n\t\t\t<div class=\"elementor-post__card\">\n\t\t\t\t<a class=\"elementor-post__thumbnail__link\" href=\"https:\/\/e-kvalifikacije.asoo.hr\/vijesti\/postignuti-rezultati-projekta-modernizacija-sustava-strukovnog-obrazovanja-i-osposobljavanja\/\" target=\"_blank\">\n\t\t\t<div class=\"elementor-post__thumbnail\"><img width=\"768\" height=\"413\" src=\"https:\/\/e-kvalifikacije.asoo.hr\/vijesti\/wp-content\/uploads\/2020\/12\/Featured-Image1-768x413.jpg\" class=\"attachment-medium_large size-medium_large\" alt=\"\" loading=\"lazy\" srcset=\"https:\/\/e-kvalifikacije.asoo.hr\/vijesti\/wp-content\/uploads\/2020\/12\/Featured-Image1-768x413.jpg 768w, https:\/\/e-kvalifikacije.asoo.hr\/vijesti\/wp-content\/uploads\/2020\/12\/Featured-Image1-300x161.jpg 300w, https:\/\/e-kvalifikacije.asoo.hr\/vijesti\/wp-content\/uploads\/2020\/12\/Featured-Image1-1024x550.jpg 1024w, https:\/\/e-kvalifikacije.asoo.hr\/vijesti\/wp-content\/uploads\/2020\/12\/Featured-Image1.jpg 1118w\" sizes=\"(max-width: 768px) 100vw, 768px\" \/><\/div>\n\t\t<\/a>\n\t\t\t\t<div class=\"elementor-post__text\">\n\t\t\t\t<h3 class=\"elementor-post__title\">\n\t\t\t<a href=\"https:\/\/e-kvalifikacije.asoo.hr\/vijesti\/postignuti-rezultati-projekta-modernizacija-sustava-strukovnog-obrazovanja-i-osposobljavanja\/\" target=\"_blank\">\n\t\t\t\tPostignuti rezultati projekta Modernizacija sustava strukovnog obrazovanja i osposobljavanja\t\t\t<\/a>\n\t\t<\/h3>\n\t\t\t\t<div class=\"elementor-post__excerpt\">\n\t\t\t<p>Kroz ne\u0161to malo vi\u0161e od dvije godine provedbe kroz ostvarene aktivnosti ovog ESF projekta uspje\u0161no je zapo\u010deta sveobuhvatna kurikularna reforma strukovnog obrazovanja u Republici Hrvatskoj<\/p>\n\t\t<\/div>\n\t\t\t\t\t<a class=\"elementor-post__read-more\" href=\"https:\/\/e-kvalifikacije.asoo.hr\/vijesti\/postignuti-rezultati-projekta-modernizacija-sustava-strukovnog-obrazovanja-i-osposobljavanja\/\" target=\"_blank\">\n\t\t\t\tPro\u010ditaj   \u00bb\t\t\t<\/a>\n\t\t\t\t<\/div>\n\t\t\t\t<div class=\"elementor-post__meta-data\">\n\t\t\t\t\t<span class=\"elementor-post-date\">\n\t\t\t18 rujna, 2020\t\t<\/span>\n\t\t\t\t<\/div>\n\t\t\t\t\t<\/div>\n\t\t<\/article>\n\t\t\t\t<article class=\"elementor-post elementor-grid-item post-16 post type-post status-publish format-standard has-post-thumbnail hentry category-vijesti\">\n\t\t\t<div class=\"elementor-post__card\">\n\t\t\t\t<a class=\"elementor-post__thumbnail__link\" href=\"https:\/\/e-kvalifikacije.asoo.hr\/vijesti\/medijska-kampanja-ukljucite-se-za-bolje-obrazovanje\/\" target=\"_blank\">\n\t\t\t<div class=\"elementor-post__thumbnail\"><img width=\"768\" height=\"413\" src=\"https:\/\/e-kvalifikacije.asoo.hr\/vijesti\/wp-content\/uploads\/2020\/12\/Featured-Image2-768x413.jpg\" class=\"attachment-medium_large size-medium_large\" alt=\"\" loading=\"lazy\" srcset=\"https:\/\/e-kvalifikacije.asoo.hr\/vijesti\/wp-content\/uploads\/2020\/12\/Featured-Image2-768x413.jpg 768w, https:\/\/e-kvalifikacije.asoo.hr\/vijesti\/wp-content\/uploads\/2020\/12\/Featured-Image2-300x162.jpg 300w, https:\/\/e-kvalifikacije.asoo.hr\/vijesti\/wp-content\/uploads\/2020\/12\/Featured-Image2.jpg 795w\" sizes=\"(max-width: 768px) 100vw, 768px\" \/><\/div>\n\t\t<\/a>\n\t\t\t\t<div class=\"elementor-post__text\">\n\t\t\t\t<h3 class=\"elementor-post__title\">\n\t\t\t<a href=\"https:\/\/e-kvalifikacije.asoo.hr\/vijesti\/medijska-kampanja-ukljucite-se-za-bolje-obrazovanje\/\" target=\"_blank\">\n\t\t\t\tMedijska kampanja &#8220;Uklju\u010dite se za bolje obrazovanje&#8221;\t\t\t<\/a>\n\t\t<\/h3>\n\t\t\t\t<div class=\"elementor-post__excerpt\">\n\t\t\t<p>Jedna od klju\u010dnih aktivnosti projekta \u201eModernizacija sustava strukovnog obrazovanja i osposobljavanja\u201c provedba je diseminacijskih doga\u0111anja i medijskih kampanja u svrhu promid\u017ebe i pove\u0107anja vidljivosti projekta<\/p>\n\t\t<\/div>\n\t\t\t\t\t<a class=\"elementor-post__read-more\" href=\"https:\/\/e-kvalifikacije.asoo.hr\/vijesti\/medijska-kampanja-ukljucite-se-za-bolje-obrazovanje\/\" target=\"_blank\">\n\t\t\t\tPro\u010ditaj   \u00bb\t\t\t<\/a>\n\t\t\t\t<\/div>\n\t\t\t\t<div class=\"elementor-post__meta-data\">\n\t\t\t\t\t<span class=\"elementor-post-date\">\n\t\t\t15 svibnja, 2020\t\t<\/span>\n\t\t\t\t<\/div>\n\t\t\t\t\t<\/div>\n\t\t<\/article>\n\t\t\t\t<article class=\"elementor-post elementor-grid-item post-18 post type-post status-publish format-standard has-post-thumbnail hentry category-vijesti\">\n\t\t\t<div class=\"elementor-post__card\">\n\t\t\t\t<a class=\"elementor-post__thumbnail__link\" href=\"https:\/\/e-kvalifikacije.asoo.hr\/vijesti\/zapocinje-nacionalna-medijska-kampanja-ukljucite-se-za-bolje-obrazovanje\/\" target=\"_blank\">\n\t\t\t<div class=\"elementor-post__thumbnail\"><img width=\"768\" height=\"413\" src=\"https:\/\/e-kvalifikacije.asoo.hr\/vijesti\/wp-content\/uploads\/2020\/12\/Featured-Image2-768x413.jpg\" class=\"attachment-medium_large size-medium_large\" alt=\"\" loading=\"lazy\" srcset=\"https:\/\/e-kvalifikacije.asoo.hr\/vijesti\/wp-content\/uploads\/2020\/12\/Featured-Image2-768x413.jpg 768w, https:\/\/e-kvalifikacije.asoo.hr\/vijesti\/wp-content\/uploads\/2020\/12\/Featured-Image2-300x162.jpg 300w, https:\/\/e-kvalifikacije.asoo.hr\/vijesti\/wp-content\/uploads\/2020\/12\/Featured-Image2.jpg 795w\" sizes=\"(max-width: 768px) 100vw, 768px\" \/><\/div>\n\t\t<\/a>\n\t\t\t\t<div class=\"elementor-post__text\">\n\t\t\t\t<h3 class=\"elementor-post__title\">\n\t\t\t<a href=\"https:\/\/e-kvalifikacije.asoo.hr\/vijesti\/zapocinje-nacionalna-medijska-kampanja-ukljucite-se-za-bolje-obrazovanje\/\" target=\"_blank\">\n\t\t\t\tZapo\u010dinje Nacionalna Medijska Kampanja \u201euklju\u010dite Se Za Bolje Obrazovanje\t\t\t<\/a>\n\t\t<\/h3>\n\t\t\t\t<div class=\"elementor-post__excerpt\">\n\t\t\t<p>U ponedjeljak, 13. sije\u010dnja 2020. godine&nbsp;zapo\u010dinje nacionalna medijska kampanja&nbsp;\u201eUklju\u010dite se za bolje obrazovanje\u201c&nbsp;usmjerena prema gospodarstvenicima, poslodavcima i obrtnicima. Kampanja se provodi u razdoblju od&nbsp;13. sije\u010dnja<\/p>\n\t\t<\/div>\n\t\t\t\t\t<a class=\"elementor-post__read-more\" href=\"https:\/\/e-kvalifikacije.asoo.hr\/vijesti\/zapocinje-nacionalna-medijska-kampanja-ukljucite-se-za-bolje-obrazovanje\/\" target=\"_blank\">\n\t\t\t\tPro\u010ditaj   \u00bb\t\t\t<\/a>\n\t\t\t\t<\/div>\n\t\t\t\t<div class=\"elementor-post__meta-data\">\n\t\t\t\t\t<span class=\"elementor-post-date\">\n\t\t\t13 sije\u010dnja, 2020\t\t<\/span>\n\t\t\t\t<\/div>\n\t\t\t\t\t<\/div>\n\t\t<\/article>\n\t\t\t\t<\/div>\n\t\t\t\t<\/div>\n\t\t\t\t<\/div>\n\t\t\t\t\t\t<\/div>\n\t\t\t\t\t<\/div>\n\t\t<\/div>\n\t\t\t\t\t\t\t\t<\/div>\n\t\t\t\t\t<\/div>\n\t\t<\/section>\n\t\t\t\t<section class=\"elementor-section elementor-top-section elementor-element elementor-element-c1c2360 elementor-section-boxed elementor-section-height-default elementor-section-height-default\" data-id=\"c1c2360\" data-element_type=\"section\">\n\t\t\t\t\t\t<div class=\"elementor-container elementor-column-gap-default\">\n\t\t\t\t\t\t\t<div class=\"elementor-row\">\n\t\t\t\t\t<div class=\"elementor-column elementor-col-33 elementor-top-column elementor-element elementor-element-284f781\" data-id=\"284f781\" data-element_type=\"column\">\n\t\t\t<div class=\"elementor-column-wrap elementor-element-populated\">\n\t\t\t\t\t\t\t<div class=\"elementor-widget-wrap\">\n\t\t\t\t\t\t<div class=\"elementor-element elementor-element-83a43d9 elementor-widget elementor-widget-image\" data-id=\"83a43d9\" data-element_type=\"widget\" data-widget_type=\"image.default\">\n\t\t\t\t<div class=\"elementor-widget-container\">\n\t\t\t\t\t<div class=\"elementor-image\">\n\t\t\t\t\t\t\t\t\t\t<img width=\"800\" height=\"800\" src=\"https:\/\/e-kvalifikacije.asoo.hr\/vijesti\/wp-content\/uploads\/2020\/12\/Logo.svg\" class=\"attachment-large size-large\" alt=\"\" loading=\"lazy\" srcset=\"https:\/\/e-kvalifikacije.asoo.hr\/vijesti\/wp-content\/uploads\/\/2020\/12\/Logo.svg 150w, https:\/\/e-kvalifikacije.asoo.hr\/vijesti\/wp-content\/uploads\/\/2020\/12\/Logo.svg 300w, https:\/\/e-kvalifikacije.asoo.hr\/vijesti\/wp-content\/uploads\/\/2020\/12\/Logo.svg 1024w, https:\/\/e-kvalifikacije.asoo.hr\/vijesti\/wp-content\/uploads\/\/2020\/12\/Logo.svg 1536w, https:\/\/e-kvalifikacije.asoo.hr\/vijesti\/wp-content\/uploads\/\/2020\/12\/Logo.svg 2048w\" sizes=\"(max-width: 800px) 100vw, 800px\" \/>\t\t\t\t\t\t\t\t\t\t\t<\/div>\n\t\t\t\t<\/div>\n\t\t\t\t<\/div>\n\t\t\t\t\t\t<\/div>\n\t\t\t\t\t<\/div>\n\t\t<\/div>\n\t\t\t\t<div class=\"elementor-column elementor-col-33 elementor-top-column elementor-element elementor-element-1386eff\" data-id=\"1386eff\" data-element_type=\"column\">\n\t\t\t<div class=\"elementor-column-wrap elementor-element-populated\">\n\t\t\t\t\t\t\t<div class=\"elementor-widget-wrap\">\n\t\t\t\t\t\t<div class=\"elementor-element elementor-element-c78c8ca elementor-widget elementor-widget-image\" data-id=\"c78c8ca\" data-element_type=\"widget\" data-widget_type=\"image.default\">\n\t\t\t\t<div class=\"elementor-widget-container\">\n\t\t\t\t\t<div class=\"elementor-image\">\n\t\t\t\t\t\t\t\t\t\t<img width=\"800\" height=\"800\" src=\"https:\/\/e-kvalifikacije.asoo.hr\/vijesti\/wp-content\/uploads\/2020\/12\/Lenta.svg\" class=\"attachment-large size-large\" alt=\"\" loading=\"lazy\" srcset=\"https:\/\/e-kvalifikacije.asoo.hr\/vijesti\/wp-content\/uploads\/\/2020\/12\/Lenta.svg 150w, https:\/\/e-kvalifikacije.asoo.hr\/vijesti\/wp-content\/uploads\/\/2020\/12\/Lenta.svg 300w, https:\/\/e-kvalifikacije.asoo.hr\/vijesti\/wp-content\/uploads\/\/2020\/12\/Lenta.svg 1024w, https:\/\/e-kvalifikacije.asoo.hr\/vijesti\/wp-content\/uploads\/\/2020\/12\/Lenta.svg 1536w, https:\/\/e-kvalifikacije.asoo.hr\/vijesti\/wp-content\/uploads\/\/2020\/12\/Lenta.svg 2048w\" sizes=\"(max-width: 800px) 100vw, 800px\" \/>\t\t\t\t\t\t\t\t\t\t\t<\/div>\n\t\t\t\t<\/div>\n\t\t\t\t<\/div>\n\t\t\t\t\t\t<\/div>\n\t\t\t\t\t<\/div>\n\t\t<\/div>\n\t\t\t\t<div class=\"elementor-column elementor-col-33 elementor-top-column elementor-element elementor-element-5a3ab2c\" data-id=\"5a3ab2c\" data-element_type=\"column\">\n\t\t\t<div class=\"elementor-column-wrap elementor-element-populated\">\n\t\t\t\t\t\t\t<div class=\"elementor-widget-wrap\">\n\t\t\t\t\t\t<div class=\"elementor-element elementor-element-3572d88 elementor-widget elementor-widget-image\" data-id=\"3572d88\" data-element_type=\"widget\" data-widget_type=\"image.default\">\n\t\t\t\t<div class=\"elementor-widget-container\">\n\t\t\t\t\t<div class=\"elementor-image\">\n\t\t\t\t\t\t\t\t\t\t<img width=\"800\" height=\"800\" src=\"https:\/\/e-kvalifikacije.asoo.hr\/vijesti\/wp-content\/uploads\/2020\/12\/agencija-Logo.svg\" class=\"attachment-large size-large\" alt=\"\" loading=\"lazy\" srcset=\"https:\/\/e-kvalifikacije.asoo.hr\/vijesti\/wp-content\/uploads\/\/2020\/12\/agencija-Logo.svg 150w, https:\/\/e-kvalifikacije.asoo.hr\/vijesti\/wp-content\/uploads\/\/2020\/12\/agencija-Logo.svg 300w, https:\/\/e-kvalifikacije.asoo.hr\/vijesti\/wp-content\/uploads\/\/2020\/12\/agencija-Logo.svg 1024w, https:\/\/e-kvalifikacije.asoo.hr\/vijesti\/wp-content\/uploads\/\/2020\/12\/agencija-Logo.svg 1536w, https:\/\/e-kvalifikacije.asoo.hr\/vijesti\/wp-content\/uploads\/\/2020\/12\/agencija-Logo.svg 2048w\" sizes=\"(max-width: 800px) 100vw, 800px\" \/>\t\t\t\t\t\t\t\t\t\t\t<\/div>\n\t\t\t\t<\/div>\n\t\t\t\t<\/div>\n\t\t\t\t\t\t<\/div>\n\t\t\t\t\t<\/div>\n\t\t<\/div>\n\t\t\t\t\t\t\t\t<\/div>\n\t\t\t\t\t<\/div>\n\t\t<\/section>\n\t\t\t\t\t\t<\/div>\n\t\t\t\t\t\t<\/div>\n\t\t\t\t\t<\/div>\n\t\t","protected":false},"excerpt":{"rendered":"<p>Vijesti mre\u017ene stranice za dodatne informacije<\/p>\n","protected":false},"author":1,"featured_media":49,"parent":0,"menu_order":0,"comment_status":"closed","ping_status":"closed","template":"","meta":[],"_links":{"self":[{"href":"https:\/\/e-kvalifikacije.asoo.hr\/vijesti\/wp-json\/wp\/v2\/pages\/22"}],"collection":[{"href":"https:\/\/e-kvalifikacije.asoo.hr\/vijesti\/wp-json\/wp\/v2\/pages"}],"about":[{"href":"https:\/\/e-kvalifikacije.asoo.hr\/vijesti\/wp-json\/wp\/v2\/types\/page"}],"author":[{"embeddable":true,"href":"https:\/\/e-kvalifikacije.asoo.hr\/vijesti\/wp-json\/wp\/v2\/users\/1"}],"replies":[{"embeddable":true,"href":"https:\/\/e-kvalifikacije.asoo.hr\/vijesti\/wp-json\/wp\/v2\/comments?post=22"}],"version-history":[{"count":45,"href":"https:\/\/e-kvalifikacije.asoo.hr\/vijesti\/wp-json\/wp\/v2\/pages\/22\/revisions"}],"predecessor-version":[{"id":119,"href":"https:\/\/e-kvalifikacije.asoo.hr\/vijesti\/wp-json\/wp\/v2\/pages\/22\/revisions\/119"}],"wp:featuredmedia":[{"embeddable":true,"href":"https:\/\/e-kvalifikacije.asoo.hr\/vijesti\/wp-json\/wp\/v2\/media\/49"}],"wp:attachment":[{"href":"https:\/\/e-kvalifikacije.asoo.hr\/vijesti\/wp-json\/wp\/v2\/media?parent=22"}],"curies":[{"name":"wp","href":"https:\/\/api.w.org\/{rel}","templated":true}]}}